{"id":35,"date":"2017-12-18T13:54:00","date_gmt":"2017-12-18T10:54:00","guid":{"rendered":"http:\/\/misszenan.com.tr\/?page_id=35"},"modified":"2022-01-13T10:29:29","modified_gmt":"2022-01-13T07:29:29","slug":"%d1%80%d1%83%d1%81%d1%81%d0%ba%d0%b8%d0%b9-kurumsal","status":"publish","type":"page","link":"https:\/\/misszenan.com.tr\/en\/","title":{"rendered":"Corporate"},"content":{"rendered":"<div id=\"pl-35\"  class=\"panel-layout\" ><div id=\"pg-35-0\"  class=\"panel-grid panel-no-style\" ><div id=\"pgc-35-0-0\"  class=\"panel-grid-cell\" ><div id=\"panel-35-0-0-0\" class=\"so-panel widget widget_sow-image panel-first-child panel-last-child\" data-index=\"0\" ><div\n\t\t\t\n\t\t\tclass=\"so-widget-sow-image so-widget-sow-image-default-8b5b6f678277-35\"\n\t\t\t\n\t\t>\n\n<div class=\"sow-image-container\">\n\t\t\t<a href=\"#\"\n\t\t\t\t\t>\n\t\t\t<img src=\"https:\/\/misszenan.com.tr\/wp-content\/uploads\/2018\/03\/3.jpg\" width=\"302\" height=\"129\" srcset=\"https:\/\/misszenan.com.tr\/wp-content\/uploads\/2018\/03\/3.jpg 302w, https:\/\/misszenan.com.tr\/wp-content\/uploads\/2018\/03\/3-300x129.jpg 300w\" sizes=\"(max-width: 302px) 100vw, 302px\" alt=\"\" loading=\"lazy\" \t\tclass=\"so-widget-image\"\/>\n\t<\/a><\/div>\n\n<\/div><\/div><\/div><div id=\"pgc-35-0-1\"  class=\"panel-grid-cell\" ><div id=\"panel-35-0-1-0\" class=\"so-panel widget widget_sow-image panel-first-child panel-last-child\" data-index=\"1\" ><div\n\t\t\t\n\t\t\tclass=\"so-widget-sow-image so-widget-sow-image-default-8b5b6f678277-35\"\n\t\t\t\n\t\t>\n\n<div class=\"sow-image-container\">\n\t\t\t<a href=\"#\"\n\t\t\t\t\t>\n\t\t\t<img src=\"https:\/\/misszenan.com.tr\/wp-content\/uploads\/2018\/03\/misszenan-logo-1.jpg\" width=\"302\" height=\"129\" srcset=\"https:\/\/misszenan.com.tr\/wp-content\/uploads\/2018\/03\/misszenan-logo-1.jpg 302w, https:\/\/misszenan.com.tr\/wp-content\/uploads\/2018\/03\/misszenan-logo-1-300x129.jpg 300w\" sizes=\"(max-width: 302px) 100vw, 302px\" title=\"misszenan-logo\" alt=\"\" loading=\"lazy\" \t\tclass=\"so-widget-image\"\/>\n\t<\/a><\/div>\n\n<\/div><\/div><\/div><div id=\"pgc-35-0-2\"  class=\"panel-grid-cell\" ><div id=\"panel-35-0-2-0\" class=\"so-panel widget widget_sow-image panel-first-child panel-last-child\" data-index=\"2\" ><div\n\t\t\t\n\t\t\tclass=\"so-widget-sow-image so-widget-sow-image-default-8b5b6f678277-35\"\n\t\t\t\n\t\t>\n\n<div class=\"sow-image-container\">\n\t\t\t<a href=\"#\"\n\t\t\t\t\t>\n\t\t\t<img src=\"https:\/\/misszenan.com.tr\/wp-content\/uploads\/2018\/03\/1.jpg\" width=\"302\" height=\"129\" srcset=\"https:\/\/misszenan.com.tr\/wp-content\/uploads\/2018\/03\/1.jpg 302w, https:\/\/misszenan.com.tr\/wp-content\/uploads\/2018\/03\/1-300x129.jpg 300w\" sizes=\"(max-width: 302px) 100vw, 302px\" alt=\"\" loading=\"lazy\" \t\tclass=\"so-widget-image\"\/>\n\t<\/a><\/div>\n\n<\/div><\/div><\/div><\/div><div id=\"pg-35-1\"  class=\"panel-grid panel-no-style\" ><div id=\"pgc-35-1-0\"  class=\"panel-grid-cell panel-grid-cell-empty\" ><\/div><div id=\"pgc-35-1-1\"  class=\"panel-grid-cell\" ><div id=\"panel-35-1-1-0\" class=\"so-panel widget widget_text panel-first-child\" data-index=\"3\" ><h3 class=\"widget-title\">LeShow &#8211; Moscow 2019<\/h3>\t\t\t<div class=\"textwidget\"><video controls>\n  <source src=\"https:\/\/misszenan.com.tr\/Filmim.mp4\" type=\"video\/mp4\">\n  <source src=\"movie.ogg\" type=\"video\/ogg\">\nTaray\u0131c\u0131n\u0131z video etiketini desteklemiyor.\n<\/video><\/div>\n\t\t<\/div><div id=\"panel-35-1-1-1\" class=\"so-panel widget widget_text\" data-index=\"4\" ><h3 class=\"widget-title\">Elde Diki\u015f<\/h3>\t\t\t<div class=\"textwidget\"><p><video controls><source src=\"https:\/\/misszenan.com.tr\/wp-content\/uploads\/2018\/03\/WhatsApp-Video-2018-03-17-at-10.01.12.mp4\" type=\"video\/mp4\"><source src=\"movie.ogg\" type=\"video\/ogg\">Taray\u0131c\u0131n\u0131z video etiketini desteklemiyor.<\/video><\/p>\n<\/div>\n\t\t<\/div><div id=\"panel-35-1-1-2\" class=\"so-panel widget widget_sow-editor\" data-index=\"5\" ><div\n\t\t\t\n\t\t\tclass=\"so-widget-sow-editor so-widget-sow-editor-base\"\n\t\t\t\n\t\t>\n<div class=\"siteorigin-widget-tinymce textwidget\">\n\t<p>In 1988, we started leather and textile activities as <strong>\u015eahismailo\u011fullar\u0131<\/strong>. Since its establishment; <strong>\u015eahismailo\u011fullar\u0131<\/strong> opened its first store in \u0130stanbul Beyaz\u0131t as \u0130lhan Deri and became a school in <strong>Russia and Eastern Bloc<\/strong> countries. It has become an indispensable brand for the consumers who follow the world fashion and have determined their style.<\/p>\n<p>The corporate culture of a company is made up of features that the organization chooses for itself, which also distinguishes it from others. We, as <strong>\u015eahismailo\u011fullar\u0131<\/strong>, provide this differentiation to our employees, customers, goods and service providers, to the environment, to the society, and to our basic values \u200b\u200bthat we define the way we realize them. We understand from being the best; to act with the principle of continuity in the globalizing world and to be a company that is shown as a reference.<\/p>\n<p>As <strong>\u015eahismailo\u011fullar\u0131<\/strong>, <strong>Misszenan, Zerpola and Yellow Steel<\/strong> with three brands within our structure have been supervising a young and dynamic team that follows new fashion trends and trends that give importance to quality in the sector since 1988. <strong>\u015eahismailo\u011fullar\u0131<\/strong> continues its activities in the targeted markets of <strong>Russia, Belarus, Kazakhstan, Ukraine, Germany, England, Azerbaijan, Greece, Czech Republic<\/strong> and the domestic market. As always, our goal is to be a strong, reliable global brand and to strengthen the image of <strong>Turkish goods.<\/strong><\/p>\n<\/div>\n<\/div><\/div><div id=\"panel-35-1-1-3\" class=\"so-panel widget widget_sow-editor panel-last-child\" data-index=\"6\" ><div\n\t\t\t\n\t\t\tclass=\"so-widget-sow-editor so-widget-sow-editor-base\"\n\t\t\t\n\t\t>\n<div class=\"siteorigin-widget-tinymce textwidget\">\n\t<p style=\"text-align: justify; line-height: 18.0pt; background: white; vertical-align: baseline; margin: 0cm 0cm 11.25pt 0cm;\"><span style=\"font-family: 'Arial','sans-serif'; color: #666666;\"><strong>\u015eahismailo\u011fullar\u0131<\/strong> olarak <strong>1988<\/strong> y\u0131l\u0131nda deri ve tekstil faaliyetleri ne ba\u015flad\u0131k. Kuruldu\u011fu g\u00fcnden bug\u00fcne; ilk ma\u011fazas\u0131n\u0131 \u0130stanbul Beyaz\u0131t\u2019 da \u0130lhan Deri olarak a\u00e7an <strong>\u015eahismailo\u011fullar\u0131<\/strong> Rusya ve Do\u011fu blok \u00fclkelerinde ekol haline gelmi\u015ftir. D\u00fcnya modas\u0131n\u0131 takip eden, tarz\u0131n\u0131 belirlemi\u015f t\u00fcketiciler i\u00e7in vazge\u00e7ilmez bir marka olmu\u015ftur.<\/span><\/p>\n<p style=\"text-align: justify; line-height: 18.0pt; background: white; vertical-align: baseline; font-variant-ligatures: normal; font-variant-caps: normal; font-variant-numeric: inherit; font-variant-east-asian: inherit; font-stretch: inherit; outline: 0px; orphans: 2; widows: 2; -webkit-text-stroke-width: 0px; text-decoration-style: initial; text-decoration-color: initial; word-spacing: 0px; margin: 0cm 0cm 11.25pt 0cm;\"><span style=\"font-family: 'Arial','sans-serif'; color: #666666;\">Bir \u015firketin kurum k\u00fclt\u00fcr\u00fc kurumun kendisi i\u00e7in se\u00e7ti\u011fi, ayn\u0131 zamanda di\u011ferlerinden di\u011ferlerinden farkl\u0131la\u015fmas\u0131n\u0131 sa\u011flayan \u00f6zellikleri ile olu\u015fur. <strong>\u015eahismailo\u011fullar\u0131<\/strong> olarak biz bu farkl\u0131la\u015fmay\u0131 \u00e7al\u0131\u015fanlar\u0131m\u0131za, m\u00fc\u015fterilerimize, mal ve hizmet sa\u011flay\u0131c\u0131lar\u0131m\u0131za, \u00e7evreye, topluma verdi\u011fimiz s\u00f6zler ve de bunlar\u0131 ger\u00e7ekle\u015ftirme bi\u00e7imimizi tan\u0131mlad\u0131\u011f\u0131m\u0131z temel de\u011ferlerimizle sa\u011fl\u0131yoruz. En iyi olmaktan anlad\u0131\u011f\u0131m\u0131z; globalle\u015fen d\u00fcnyada devaml\u0131l\u0131k ilkesiyle hareket etmek ve referans olarak g\u00f6sterilen bir \u015firket olmakt\u0131r.<\/span><\/p>\n<p style=\"text-align: justify; line-height: 18.0pt; background: white; vertical-align: baseline; font-variant-ligatures: normal; font-variant-caps: normal; font-variant-numeric: inherit; font-variant-east-asian: inherit; font-stretch: inherit; outline: 0px; orphans: 2; widows: 2; -webkit-text-stroke-width: 0px; text-decoration-style: initial; text-decoration-color: initial; word-spacing: 0px; margin: 0cm 0cm 11.25pt 0cm;\"><span style=\"font-family: 'Arial','sans-serif'; color: #666666;\"><strong>\u015eahismailo\u011fullar\u0131<\/strong> olarak b\u00fcnyemizde \u00fc\u00e7 marka ile <strong>Misszenan, Zerpola<\/strong> ve <strong>\u0130lhan Deri<\/strong>\u00a0ile <strong>1988<\/strong> y\u0131l\u0131ndan bu yana sekt\u00f6rde kaliteye \u00f6nem veren yeni moda ak\u0131mlar\u0131n\u0131 ve trendlerini izleyen gen\u00e7 ve dinamik bir ekip s\u00fcpervize etmektedir. <strong>\u015eahismailo\u011fullar\u0131<\/strong> hedefledi\u011fi pazarlardan olan <strong>Rusya, Belarus, Kazakistan, Ukrayna, Almanya, \u0130ngiltere, Azerbaycan, Yunanistan, \u00c7ek Cumhuriyeti<\/strong> ve i\u00e7 pazarda \u00e7al\u0131\u015fmalar\u0131n\u0131 s\u00fcrd\u00fcrmektedir. Her zaman\u2019 ki gibi hedefimiz g\u00fc\u00e7l\u00fc g\u00fcvenilir global bir marka olup <strong>T\u00fcrk mal\u0131<\/strong> imaj\u0131n\u0131 g\u00fc\u00e7lendirmek olacakt\u0131r.<\/span><\/p>\n<\/div>\n<\/div><\/div><\/div><\/div><\/div>","protected":false},"excerpt":{"rendered":"<p>Taray\u0131c\u0131n\u0131z video etiketini desteklemiyor. Taray\u0131c\u0131n\u0131z video etiketini desteklemiyor. In 1988, we started leather and textile activities as \u015eahismailo\u011fullar\u0131. Since its establishment; \u015eahismailo\u011fullar\u0131 opened its first store in \u0130stanbul Beyaz\u0131t as \u0130lhan Deri and became a school in Russia and Eastern<\/p>\n","protected":false},"author":1,"featured_media":0,"parent":0,"menu_order":0,"comment_status":"closed","ping_status":"closed","template":"","meta":[],"_links":{"self":[{"href":"https:\/\/misszenan.com.tr\/en\/wp-json\/wp\/v2\/pages\/35"}],"collection":[{"href":"https:\/\/misszenan.com.tr\/en\/wp-json\/wp\/v2\/pages"}],"about":[{"href":"https:\/\/misszenan.com.tr\/en\/wp-json\/wp\/v2\/types\/page"}],"author":[{"embeddable":true,"href":"https:\/\/misszenan.com.tr\/en\/wp-json\/wp\/v2\/users\/1"}],"replies":[{"embeddable":true,"href":"https:\/\/misszenan.com.tr\/en\/wp-json\/wp\/v2\/comments?post=35"}],"version-history":[{"count":168,"href":"https:\/\/misszenan.com.tr\/en\/wp-json\/wp\/v2\/pages\/35\/revisions"}],"predecessor-version":[{"id":521,"href":"https:\/\/misszenan.com.tr\/en\/wp-json\/wp\/v2\/pages\/35\/revisions\/521"}],"wp:attachment":[{"href":"https:\/\/misszenan.com.tr\/en\/wp-json\/wp\/v2\/media?parent=35"}],"curies":[{"name":"wp","href":"https:\/\/api.w.org\/{rel}","templated":true}]}}