{"id":40,"date":"2017-12-18T13:55:27","date_gmt":"2017-12-18T10:55:27","guid":{"rendered":"http:\/\/misszenan.com.tr\/?page_id=40"},"modified":"2019-06-26T17:34:23","modified_gmt":"2019-06-26T14:34:23","slug":"iletisim","status":"publish","type":"page","link":"https:\/\/misszenan.com.tr\/ru\/iletisim\/","title":{"rendered":"\u0441\u0432\u044f\u0437\u044c"},"content":{"rendered":"<div id=\"pl-40\"  class=\"panel-layout\" ><div id=\"pg-40-0\"  class=\"panel-grid panel-no-style\" ><div id=\"pgc-40-0-0\"  class=\"panel-grid-cell\" ><div id=\"panel-40-0-0-0\" class=\"so-panel widget widget_sow-editor panel-first-child panel-last-child\" data-index=\"0\" ><div\n\t\t\t\n\t\t\tclass=\"so-widget-sow-editor so-widget-sow-editor-base\"\n\t\t\t\n\t\t>\n<div class=\"siteorigin-widget-tinymce textwidget\">\n\t<p><iframe loading=\"lazy\" style=\"border: 0;\" src=\"https:\/\/www.google.com\/maps\/embed?pb=!1m18!1m12!1m3!1d3011.115771501772!2d28.8917303154138!3d41.0008391793015!2m3!1f0!2f0!3f0!3m2!1i1024!2i768!4f13.1!3m3!1m2!1s0x0%3A0x0!2zNDHCsDAwJzAzLjAiTiAyOMKwNTMnMzguMSJF!5e0!3m2!1str!2str!4v1521470379436\" width=\"600\" height=\"450\" frameborder=\"0\" allowfullscreen=\"allowfullscreen\"><\/iframe><\/p>\n<p>&nbsp;<\/p>\n<\/div>\n<\/div><\/div><\/div><div id=\"pgc-40-0-1\"  class=\"panel-grid-cell\" ><div id=\"panel-40-0-1-0\" class=\"so-panel widget widget_siteorigin-panels-builder panel-first-child panel-last-child\" data-index=\"1\" ><div id=\"pl-w5d1382144a4b4\"  class=\"panel-layout\" ><div id=\"pg-w5d1382144a4b4-0\"  class=\"panel-grid panel-no-style\" ><div id=\"pgc-w5d1382144a4b4-0-0\"  class=\"panel-grid-cell\" ><div id=\"panel-w5d1382144a4b4-0-0-0\" class=\"so-panel widget widget_text panel-first-child panel-last-child\" data-index=\"0\" >\t\t\t<div class=\"textwidget\"><p><strong>Merkez\u00a0 \u00a0 \u00a0 \u00a0 :<\/strong>\u00a0Kemalpa\u015fa Mah. Fevziye Cad. No:16\/A Laleli\/ \u0130STANBUL<br \/>\n<strong>Telelefon\u00a0 \u00a0 :<\/strong>+90 212 527 82 79<\/p>\n<p><strong>Fabrika\u00a0 \u00a0 \u00a0 \u00a0:<\/strong> Yenido\u011fan Mah. Hatboyu Cad. No:78\/A Zeytinburnu\/\u0130STANBUL<br \/>\n<strong>Telelefon\u00a0 \u00a0 :<\/strong>+90 212 546 07 29<\/p>\n<p><strong>WhatsApp\u00a0 :\u00a0<\/strong>+90 532 611 06 22<\/p>\n<p><strong>Skype\u00a0 \u00a0 \u00a0 \u00a0 \u00a0 \u00a0:\u00a0 <\/strong>Misszenan1<\/p>\n<p><strong>Mail\u00a0<\/strong>\u00a0 \u00a0 \u00a0 \u00a0 \u00a0 \u00a0 \u00a0 : <a href=\"mailto:info@misszenan.com.tr\" target=\"_top\" rel=\"noopener\">info@misszenan.com.tr<\/a><\/p>\n<p><strong>\u0130leti\u015fim Formu<\/strong><\/p>\n<div class=\"pirate_forms_container widget-no\" id=\"pirate_forms_container_default\">\n\t<!-- header --><\/p>\n<p>\t<!-- thank you --><\/p>\n<div class=\"pirate_forms_wrap\">\n\t<!-- errors --><\/p>\n<p>\t<!-- form --><\/p>\n<form\n\t\t\tmethod=\"post\"\n\t\t\tenctype=\"application\/x-www-form-urlencoded\"\n\t\t\tclass=\"pirate_forms  form_honeypot-on wordpress-nonce-on pirate-forms-contact-name-on pirate-forms-contact-email-on pirate-forms-contact-subject-on pirate-forms-contact-message-on pirate-forms-contact-submit-on pirate_forms_from_form-on\"\n\t\t\t\t\t><\/p>\n<div class=\"pirate_forms_three_inputs_wrap \">\n<div class=\"col-xs-12 pirate_forms_three_inputs form_field_wrap contact_name_wrap col-xs-12 col-sm-6 contact_name_wrap pirate_forms_three_inputs form_field_wrap\">\n\t\t<input type=\"text\" class=\"form-control\" id=\"pirate-forms-contact-name\" name=\"pirate-forms-contact-name\" class=\"\" placeholder=\"Ad\u0131n\u0131z-Soyad\u0131n\u0131z\" required oninvalid=\"this.setCustomValidity('Enter your name')\" onchange=\"this.setCustomValidity('')\" value=\"\" >\n<\/div>\n<div class=\"col-xs-12 pirate_forms_three_inputs form_field_wrap contact_email_wrap col-xs-12 col-sm-6 contact_email_wrap pirate_forms_three_inputs form_field_wrap\">\n\t\t<input type=\"email\" class=\"form-control\" id=\"pirate-forms-contact-email\" name=\"pirate-forms-contact-email\" class=\"\" placeholder=\"Email Adresiniz\" required oninvalid=\"this.setCustomValidity('Enter valid email')\" onchange=\"this.setCustomValidity('')\" value=\"\" >\n<\/div>\n<div class=\"col-xs-12 pirate_forms_three_inputs form_field_wrap contact_subject_wrap col-xs-12 contact_subject_wrap pirate_forms_three_inputs form_field_wrap\">\n\t\t<input type=\"text\" class=\"form-control\" id=\"pirate-forms-contact-subject\" name=\"pirate-forms-contact-subject\" class=\"\" placeholder=\"Konu\" required oninvalid=\"this.setCustomValidity('Please enter a subject')\" onchange=\"this.setCustomValidity('')\" value=\"\" >\n<\/div>\n<\/p><\/div>\n<div class=\"col-xs-12 form_field_wrap contact_message_wrap col-xs-12 contact_message_wrap pirate_forms_three_inputs form_field_wrap\">\n\t\t<textarea rows=\"5\" cols=\"30\" class=\"form-control\" id=\"pirate-forms-contact-message\" name=\"pirate-forms-contact-message\" class=\"\" placeholder=\"Mesaj\u0131n\u0131z\" required oninvalid=\"this.setCustomValidity('Enter your question or comment')\" onchange=\"this.setCustomValidity('')\" ><\/textarea>\n<\/div>\n<div class=\"col-xs-12 form_field_wrap contact_submit_wrap\">\n\t<button type=\"submit\" class=\"pirate-forms-submit-button btn btn-primary \" id=\"pirate-forms-contact-submit\" name=\"pirate-forms-contact-submit\" class=\"pirate-forms-submit-button btn btn-primary \" placeholder=\"\" >G\u00f6nder<\/button>\n<\/div>\n<p><input type=\"hidden\" id=\"pirate_forms_ajax\" name=\"pirate_forms_ajax\" class=\"\" placeholder=\"\"  value=\"0\"><\/p>\n<div class=\"form_field_wrap hidden\" style=\"display: none\"><input type=\"text\" id=\"form_honeypot\" name=\"honeypot\" class=\"\" placeholder=\"\"  value=\"\"><\/div>\n<p><input type=\"hidden\" id=\"pirate_forms_from_widget\" name=\"pirate_forms_from_widget\" class=\"\" placeholder=\"\"  value=\"0\"><input type=\"hidden\" id=\"wordpress-nonce\" name=\"wordpress-nonce\" class=\"\" placeholder=\"\"  value=\"1c113d716f\"><input type=\"hidden\" id=\"pirate_forms_from_form\" name=\"pirate_forms_from_form\" class=\"\" placeholder=\"\"  value=\"1804783e26\">\t\t<\/form>\n<div class=\"pirate_forms_clearfix\"><\/div>\n<\/p><\/div>\n<p>\t<!-- footer --><\/p>\n<\/div>\n<\/div>\n\t\t<\/div><\/div><\/div><\/div><\/div><\/div><\/div><\/div>","protected":false},"excerpt":{"rendered":"<p>&nbsp;<\/p>\n","protected":false},"author":1,"featured_media":7,"parent":0,"menu_order":0,"comment_status":"closed","ping_status":"closed","template":"","meta":[],"_links":{"self":[{"href":"https:\/\/misszenan.com.tr\/ru\/wp-json\/wp\/v2\/pages\/40"}],"collection":[{"href":"https:\/\/misszenan.com.tr\/ru\/wp-json\/wp\/v2\/pages"}],"about":[{"href":"https:\/\/misszenan.com.tr\/ru\/wp-json\/wp\/v2\/types\/page"}],"author":[{"embeddable":true,"href":"https:\/\/misszenan.com.tr\/ru\/wp-json\/wp\/v2\/users\/1"}],"replies":[{"embeddable":true,"href":"https:\/\/misszenan.com.tr\/ru\/wp-json\/wp\/v2\/comments?post=40"}],"version-history":[{"count":28,"href":"https:\/\/misszenan.com.tr\/ru\/wp-json\/wp\/v2\/pages\/40\/revisions"}],"predecessor-version":[{"id":416,"href":"https:\/\/misszenan.com.tr\/ru\/wp-json\/wp\/v2\/pages\/40\/revisions\/416"}],"wp:featuredmedia":[{"embeddable":true,"href":"https:\/\/misszenan.com.tr\/ru\/wp-json\/wp\/v2\/media\/7"}],"wp:attachment":[{"href":"https:\/\/misszenan.com.tr\/ru\/wp-json\/wp\/v2\/media?parent=40"}],"curies":[{"name":"wp","href":"https:\/\/api.w.org\/{rel}","templated":true}]}}